{"id":8786,"date":"2023-08-22T15:46:00","date_gmt":"2023-08-22T13:46:00","guid":{"rendered":"https:\/\/iel.lukasiewicz.gov.pl\/centrum-badawcze-przetwarzania-i-magazynowania-energii-cpm-en\/"},"modified":"2026-02-09T12:16:17","modified_gmt":"2026-02-09T11:16:17","slug":"centrum-badawcze-przetwarzania-i-magazynowania-energii-cpm-en","status":"publish","type":"page","link":"https:\/\/iel.lukasiewicz.gov.pl\/en\/centrum-badawcze-przetwarzania-i-magazynowania-energii-cpm-en\/","title":{"rendered":"Testing Centre for Energy Conversion and Storage (CPM):"},"content":{"rendered":"\t\t<div data-elementor-type=\"wp-page\" data-elementor-id=\"8786\" class=\"elementor elementor-8786 elementor-1197\" data-elementor-post-type=\"page\">\n\t\t\t\t\t\t<section class=\"elementor-section elementor-top-section elementor-element elementor-element-484ef1d elementor-section-boxed elementor-section-height-default elementor-section-height-default\" data-id=\"484ef1d\" data-element_type=\"section\" data-e-type=\"section\">\n\t\t\t\t\t\t<div class=\"elementor-container elementor-column-gap-default\">\n\t\t\t\t\t<div class=\"elementor-column elementor-col-100 elementor-top-column elementor-element elementor-element-1845ce8 cut-off-wrapper-95\" data-id=\"1845ce8\" data-element_type=\"column\" data-e-type=\"column\" data-settings=\"{&quot;background_background&quot;:&quot;classic&quot;}\">\n\t\t\t<div class=\"elementor-widget-wrap elementor-element-populated\">\n\t\t\t\t\t\t<div class=\"elementor-element elementor-element-c11f8a2 elementor-icon-list--layout-traditional elementor-list-item-link-full_width elementor-widget elementor-widget-icon-list\" data-id=\"c11f8a2\" data-element_type=\"widget\" data-e-type=\"widget\" data-widget_type=\"icon-list.default\">\n\t\t\t\t<div class=\"elementor-widget-container\">\n\t\t\t\t\t\t\t<ul class=\"elementor-icon-list-items\">\n\t\t\t\t\t\t\t<li class=\"elementor-icon-list-item\">\n\t\t\t\t\t\t\t\t\t\t\t<a href=\"#lider\">\n\n\t\t\t\t\t\t\t\t\t\t\t\t<span class=\"elementor-icon-list-icon\">\n\t\t\t\t\t\t\t<svg xmlns=\"http:\/\/www.w3.org\/2000\/svg\" width=\"75\" height=\"75\" viewBox=\"0 0 75 75\" fill=\"none\"><path fill-rule=\"evenodd\" clip-rule=\"evenodd\" d=\"M36.0452 68.0632L29.1085 75L26.56 72.4515L33.4968 65.5148L36.0452 68.0632Z\" fill=\"#3EE622\"><\/path><path fill-rule=\"evenodd\" clip-rule=\"evenodd\" d=\"M11.1939 51.3023C10.2004 51.3011 9.39534 50.496 9.39409 49.5026L9.375 34.2307C9.3744 33.752 9.56431 33.2927 9.9028 32.9542C10.2413 32.6157 10.7006 32.4258 11.1793 32.4264L60.2725 32.4878L32.1353 4.35049L24.0068 12.479L34.9653 23.4375L32.4168 25.9859L20.1841 13.7532C19.4804 13.0495 19.4804 11.9085 20.1841 11.2047L30.861 0.527803C31.5648 -0.175934 32.7057 -0.175934 33.4095 0.527803L65.9027 33.021C66.4184 33.5367 66.5724 34.3123 66.2929 34.9859C66.0134 35.6595 65.3555 36.0982 64.6262 36.0973L12.9813 36.0327L12.9959 47.7005L49.378 47.746C50.1064 47.7469 50.7627 48.1863 51.041 48.8595C51.3194 49.5326 51.1651 50.3072 50.65 50.8223L39.2104 62.2618L36.6619 59.7134L45.0307 51.3446L11.1939 51.3023Z\" fill=\"#3EE622\"><\/path><\/svg>\t\t\t\t\t\t<\/span>\n\t\t\t\t\t\t\t\t\t\t<span class=\"elementor-icon-list-text\">Testing Centre<\/span>\n\t\t\t\t\t\t\t\t\t\t\t<\/a>\n\t\t\t\t\t\t\t\t\t<\/li>\n\t\t\t\t\t\t\t\t<li class=\"elementor-icon-list-item\">\n\t\t\t\t\t\t\t\t\t\t\t<a href=\"#1\">\n\n\t\t\t\t\t\t\t\t\t\t\t\t<span class=\"elementor-icon-list-icon\">\n\t\t\t\t\t\t\t<svg xmlns=\"http:\/\/www.w3.org\/2000\/svg\" width=\"75\" height=\"75\" viewBox=\"0 0 75 75\" fill=\"none\"><path fill-rule=\"evenodd\" clip-rule=\"evenodd\" d=\"M36.0452 68.0632L29.1085 75L26.56 72.4515L33.4968 65.5148L36.0452 68.0632Z\" fill=\"#3EE622\"><\/path><path fill-rule=\"evenodd\" clip-rule=\"evenodd\" d=\"M11.1939 51.3023C10.2004 51.3011 9.39534 50.496 9.39409 49.5026L9.375 34.2307C9.3744 33.752 9.56431 33.2927 9.9028 32.9542C10.2413 32.6157 10.7006 32.4258 11.1793 32.4264L60.2725 32.4878L32.1353 4.35049L24.0068 12.479L34.9653 23.4375L32.4168 25.9859L20.1841 13.7532C19.4804 13.0495 19.4804 11.9085 20.1841 11.2047L30.861 0.527803C31.5648 -0.175934 32.7057 -0.175934 33.4095 0.527803L65.9027 33.021C66.4184 33.5367 66.5724 34.3123 66.2929 34.9859C66.0134 35.6595 65.3555 36.0982 64.6262 36.0973L12.9813 36.0327L12.9959 47.7005L49.378 47.746C50.1064 47.7469 50.7627 48.1863 51.041 48.8595C51.3194 49.5326 51.1651 50.3072 50.65 50.8223L39.2104 62.2618L36.6619 59.7134L45.0307 51.3446L11.1939 51.3023Z\" fill=\"#3EE622\"><\/path><\/svg>\t\t\t\t\t\t<\/span>\n\t\t\t\t\t\t\t\t\t\t<span class=\"elementor-icon-list-text\">Power Supply and Energy Conversion Systems Research Team \u2013 GPE<\/span>\n\t\t\t\t\t\t\t\t\t\t\t<\/a>\n\t\t\t\t\t\t\t\t\t<\/li>\n\t\t\t\t\t\t\t\t<li class=\"elementor-icon-list-item\">\n\t\t\t\t\t\t\t\t\t\t\t<a href=\"#3\">\n\n\t\t\t\t\t\t\t\t\t\t\t\t<span class=\"elementor-icon-list-icon\">\n\t\t\t\t\t\t\t<svg xmlns=\"http:\/\/www.w3.org\/2000\/svg\" width=\"75\" height=\"75\" viewBox=\"0 0 75 75\" fill=\"none\"><path fill-rule=\"evenodd\" clip-rule=\"evenodd\" d=\"M36.0452 68.0632L29.1085 75L26.56 72.4515L33.4968 65.5148L36.0452 68.0632Z\" fill=\"#3EE622\"><\/path><path fill-rule=\"evenodd\" clip-rule=\"evenodd\" d=\"M11.1939 51.3023C10.2004 51.3011 9.39534 50.496 9.39409 49.5026L9.375 34.2307C9.3744 33.752 9.56431 33.2927 9.9028 32.9542C10.2413 32.6157 10.7006 32.4258 11.1793 32.4264L60.2725 32.4878L32.1353 4.35049L24.0068 12.479L34.9653 23.4375L32.4168 25.9859L20.1841 13.7532C19.4804 13.0495 19.4804 11.9085 20.1841 11.2047L30.861 0.527803C31.5648 -0.175934 32.7057 -0.175934 33.4095 0.527803L65.9027 33.021C66.4184 33.5367 66.5724 34.3123 66.2929 34.9859C66.0134 35.6595 65.3555 36.0982 64.6262 36.0973L12.9813 36.0327L12.9959 47.7005L49.378 47.746C50.1064 47.7469 50.7627 48.1863 51.041 48.8595C51.3194 49.5326 51.1651 50.3072 50.65 50.8223L39.2104 62.2618L36.6619 59.7134L45.0307 51.3446L11.1939 51.3023Z\" fill=\"#3EE622\"><\/path><\/svg>\t\t\t\t\t\t<\/span>\n\t\t\t\t\t\t\t\t\t\t<span class=\"elementor-icon-list-text\">Smart Infrastructure Technologies (Smart Grid) Research Group \u2013 GTI<\/span>\n\t\t\t\t\t\t\t\t\t\t\t<\/a>\n\t\t\t\t\t\t\t\t\t<\/li>\n\t\t\t\t\t\t<\/ul>\n\t\t\t\t\t\t<\/div>\n\t\t\t\t<\/div>\n\t\t\t\t\t<\/div>\n\t\t<\/div>\n\t\t\t\t\t<\/div>\n\t\t<\/section>\n\t\t\t\t<section class=\"elementor-section elementor-top-section elementor-element elementor-element-ddf90ca elementor-section-boxed elementor-section-height-default elementor-section-height-default\" data-id=\"ddf90ca\" data-element_type=\"section\" data-e-type=\"section\">\n\t\t\t\t\t\t<div class=\"elementor-container elementor-column-gap-default\">\n\t\t\t\t\t<div class=\"elementor-column elementor-col-100 elementor-top-column elementor-element elementor-element-f34c9fb cut-off-wrapper-95\" data-id=\"f34c9fb\" data-element_type=\"column\" data-e-type=\"column\" data-settings=\"{&quot;background_background&quot;:&quot;classic&quot;}\">\n\t\t\t<div class=\"elementor-widget-wrap elementor-element-populated\">\n\t\t\t\t\t\t<div class=\"elementor-element elementor-element-c65a0b8 elementor-widget elementor-widget-menu-anchor\" data-id=\"c65a0b8\" data-element_type=\"widget\" data-e-type=\"widget\" data-widget_type=\"menu-anchor.default\">\n\t\t\t\t<div class=\"elementor-widget-container\">\n\t\t\t\t\t\t\t<div class=\"elementor-menu-anchor\" id=\"leader\"><\/div>\n\t\t\t\t\t\t<\/div>\n\t\t\t\t<\/div>\n\t\t\t\t<div class=\"elementor-element elementor-element-f3ff215 elementor-widget__width-initial elementor-widget elementor-widget-heading\" data-id=\"f3ff215\" data-element_type=\"widget\" data-e-type=\"widget\" data-widget_type=\"heading.default\">\n\t\t\t\t<div class=\"elementor-widget-container\">\n\t\t\t\t\t<p class=\"elementor-heading-title elementor-size-small\">Testing Centre<\/p>\t\t\t\t<\/div>\n\t\t\t\t<\/div>\n\t\t\t\t<div class=\"elementor-element elementor-element-df95a6a elementor-widget elementor-widget-heading\" data-id=\"df95a6a\" data-element_type=\"widget\" data-e-type=\"widget\" data-widget_type=\"heading.default\">\n\t\t\t\t<div class=\"elementor-widget-container\">\n\t\t\t\t\t<h2 class=\"elementor-heading-title elementor-size-default\">Testing Centre for Energy Conversion and Storage (CPM):<br><\/h2>\t\t\t\t<\/div>\n\t\t\t\t<\/div>\n\t\t\t\t\t<\/div>\n\t\t<\/div>\n\t\t\t\t\t<\/div>\n\t\t<\/section>\n\t\t\t\t<section class=\"elementor-section elementor-top-section elementor-element elementor-element-5f4f54f elementor-section-boxed elementor-section-height-default elementor-section-height-default\" data-id=\"5f4f54f\" data-element_type=\"section\" data-e-type=\"section\">\n\t\t\t\t\t\t<div class=\"elementor-container elementor-column-gap-default\">\n\t\t\t\t\t<div class=\"elementor-column elementor-col-100 elementor-top-column elementor-element elementor-element-cb4ac06 cut-off-wrapper-95\" data-id=\"cb4ac06\" data-element_type=\"column\" data-e-type=\"column\">\n\t\t\t<div class=\"elementor-widget-wrap elementor-element-populated\">\n\t\t\t\t\t\t<section class=\"elementor-section elementor-inner-section elementor-element elementor-element-f13cda2 elementor-section-boxed elementor-section-height-default elementor-section-height-default\" data-id=\"f13cda2\" data-element_type=\"section\" data-e-type=\"section\">\n\t\t\t\t\t\t<div class=\"elementor-container elementor-column-gap-default\">\n\t\t\t\t\t<div class=\"elementor-column elementor-col-50 elementor-inner-column elementor-element elementor-element-fcdaa8d\" data-id=\"fcdaa8d\" data-element_type=\"column\" data-e-type=\"column\">\n\t\t\t<div class=\"elementor-widget-wrap\">\n\t\t\t\t\t\t\t<\/div>\n\t\t<\/div>\n\t\t\t\t<div class=\"elementor-column elementor-col-50 elementor-inner-column elementor-element elementor-element-9b123ff\" data-id=\"9b123ff\" data-element_type=\"column\" data-e-type=\"column\">\n\t\t\t<div class=\"elementor-widget-wrap elementor-element-populated\">\n\t\t\t\t\t\t<div class=\"elementor-element elementor-element-769bb43 elementor-widget__width-initial elementor-widget elementor-widget-text-editor\" data-id=\"769bb43\" data-element_type=\"widget\" data-e-type=\"widget\" data-widget_type=\"text-editor.default\">\n\t\t\t\t<div class=\"elementor-widget-container\">\n\t\t\t\t\t\t\t\t\t<div class=\"elementor-column elementor-col-50 elementor-inner-column elementor-element elementor-element-684c69a\" data-id=\"684c69a\" data-element_type=\"column\" data-e-type=\"column\"><div class=\"elementor-widget-wrap elementor-element-populated\"><div class=\"elementor-element elementor-element-244bc15 elementor-widget elementor-widget-text-editor\" data-id=\"244bc15\" data-element_type=\"widget\" data-e-type=\"widget\" data-widget_type=\"text-editor.default\"><div class=\"elementor-widget-container\"><p><span data-teams=\"true\"><strong>Research Center Director<\/strong><\/span><\/p><p><strong>Wojciech Matelski, PhD. Sc. Eng. <br \/><\/strong><\/p><h6><strong>CONTACT:<\/strong><\/h6><\/div><\/div><\/div><\/div>\t\t\t\t\t\t\t\t<\/div>\n\t\t\t\t<\/div>\n\t\t\t\t\t<\/div>\n\t\t<\/div>\n\t\t\t\t\t<\/div>\n\t\t<\/section>\n\t\t\t\t\t<\/div>\n\t\t<\/div>\n\t\t\t\t\t<\/div>\n\t\t<\/section>\n\t\t\t\t<section class=\"elementor-section elementor-top-section elementor-element elementor-element-85b2401 elementor-section-boxed elementor-section-height-default elementor-section-height-default\" data-id=\"85b2401\" data-element_type=\"section\" data-e-type=\"section\">\n\t\t\t\t\t\t<div class=\"elementor-container elementor-column-gap-default\">\n\t\t\t\t\t<div class=\"elementor-column elementor-col-100 elementor-top-column elementor-element elementor-element-070d558 cut-off-wrapper-95\" data-id=\"070d558\" data-element_type=\"column\" data-e-type=\"column\" data-settings=\"{&quot;background_background&quot;:&quot;classic&quot;}\">\n\t\t\t<div class=\"elementor-widget-wrap elementor-element-populated\">\n\t\t\t\t\t\t<div class=\"elementor-element elementor-element-8a3385c elementor-widget elementor-widget-menu-anchor\" data-id=\"8a3385c\" data-element_type=\"widget\" data-e-type=\"widget\" data-widget_type=\"menu-anchor.default\">\n\t\t\t\t<div class=\"elementor-widget-container\">\n\t\t\t\t\t\t\t<div class=\"elementor-menu-anchor\" id=\"1\"><\/div>\n\t\t\t\t\t\t<\/div>\n\t\t\t\t<\/div>\n\t\t\t\t<div class=\"elementor-element elementor-element-c324428 elementor-widget__width-auto elementor-widget elementor-widget-heading\" data-id=\"c324428\" data-element_type=\"widget\" data-e-type=\"widget\" data-widget_type=\"heading.default\">\n\t\t\t\t<div class=\"elementor-widget-container\">\n\t\t\t\t\t<p class=\"elementor-heading-title elementor-size-small\">Power Supply and Energy Conversion Systems Research Team \u2013 GPE<\/p>\t\t\t\t<\/div>\n\t\t\t\t<\/div>\n\t\t\t\t<section class=\"elementor-section elementor-inner-section elementor-element elementor-element-da9871e elementor-section-boxed elementor-section-height-default elementor-section-height-default\" data-id=\"da9871e\" data-element_type=\"section\" data-e-type=\"section\">\n\t\t\t\t\t\t<div class=\"elementor-container elementor-column-gap-default\">\n\t\t\t\t\t<div class=\"elementor-column elementor-col-100 elementor-inner-column elementor-element elementor-element-45e107c\" data-id=\"45e107c\" data-element_type=\"column\" data-e-type=\"column\">\n\t\t\t<div class=\"elementor-widget-wrap elementor-element-populated\">\n\t\t\t\t\t\t<div class=\"elementor-element elementor-element-60b9ffb elementor-widget elementor-widget-text-editor\" data-id=\"60b9ffb\" data-element_type=\"widget\" data-e-type=\"widget\" data-widget_type=\"text-editor.default\">\n\t\t\t\t<div class=\"elementor-widget-container\">\n\t\t\t\t\t\t\t\t\t<p>The GPE Research Team has many years of experience in the design, construction and testing of high-power power electronic converters such as:<\/p><ul><li>rectifier sets designed for urban and railway traction power supply systems up to 6 MW<\/li><li>AC\/AC and AC\/DC\/DC converters for electric vehicle charging systems<\/li><li>AC\/DC and AC\/DC\/AC converters up to several MW for power generation and industrial applications<\/li><\/ul><p><strong>Area of expertise:<\/strong><\/p><p>a. research and development, construction and experimental work of a cognitive nature, in the field of power electronic systems, in particular in the field of: <\/p><ul><li>semiconductor power converters and<\/li><li>microprocessor-based control and control systems<\/li><\/ul><p>development of custom converter devices,prototype devices and technology solutions in the field of power electronics for: <\/p><ul><li>power systems,<\/li><li>electromobility,<\/li><li>smart-grid and microgrid systems,<\/li><li>special power systems,<\/li><\/ul><p>c. laboratory tests on traction converters, energy storage<\/p><p><strong>We specialise in:<\/strong><u><br><\/u><\/p><ul><li>complex research, design and development of power electronic power converters,<\/li><li>development of custom, prototype semiconductor devices for high-power converters and technology solutions in the field of power electronics,<\/li><li>development of microprocessor-based control and adjustment systems;<\/li><\/ul><p>As part of its activities, the GPE Group carried out tests on power electronic equipment made by the following companies: ABB from Aleksandr\u00f3w \u0141\u00f3dzki, SESTO from \u0141\u00f3d\u017a, ELEKTRA from Tychy, Budimex from Warsaw, ELHAND from Lubliniec. Moreover, our offer is addressed to companies that require custom medium- and high-power AC and DC power supply equipment. <\/p>\t\t\t\t\t\t\t\t<\/div>\n\t\t\t\t<\/div>\n\t\t\t\t\t<\/div>\n\t\t<\/div>\n\t\t\t\t\t<\/div>\n\t\t<\/section>\n\t\t\t\t<section class=\"elementor-section elementor-inner-section elementor-element elementor-element-0623c19 elementor-section-boxed elementor-section-height-default elementor-section-height-default\" data-id=\"0623c19\" data-element_type=\"section\" data-e-type=\"section\">\n\t\t\t\t\t\t<div class=\"elementor-container elementor-column-gap-default\">\n\t\t\t\t\t<div class=\"elementor-column elementor-col-100 elementor-inner-column elementor-element elementor-element-779b5db\" data-id=\"779b5db\" data-element_type=\"column\" data-e-type=\"column\">\n\t\t\t<div class=\"elementor-widget-wrap elementor-element-populated\">\n\t\t\t\t\t\t<div class=\"elementor-element elementor-element-b9abdc2 elementor-widget elementor-widget-text-editor\" data-id=\"b9abdc2\" data-element_type=\"widget\" data-e-type=\"widget\" data-widget_type=\"text-editor.default\">\n\t\t\t\t<div class=\"elementor-widget-container\">\n\t\t\t\t\t\t\t\t\t<p>The Research Group operates mainly in the industrial area. Through our activities, we offer power supply systems for urban and railway traction, charging systems for EVs, and other power electronics systems for industrial and energy applications. Moreover, we provide laboratory services for the testing of high and medium power electronic equipment.  <\/p>\t\t\t\t\t\t\t\t<\/div>\n\t\t\t\t<\/div>\n\t\t\t\t\t<\/div>\n\t\t<\/div>\n\t\t\t\t\t<\/div>\n\t\t<\/section>\n\t\t\t\t\t<\/div>\n\t\t<\/div>\n\t\t\t\t\t<\/div>\n\t\t<\/section>\n\t\t\t\t<section class=\"elementor-section elementor-top-section elementor-element elementor-element-816fe10 elementor-section-boxed elementor-section-height-default elementor-section-height-default\" data-id=\"816fe10\" data-element_type=\"section\" data-e-type=\"section\">\n\t\t\t\t\t\t<div class=\"elementor-container elementor-column-gap-default\">\n\t\t\t\t\t<div class=\"elementor-column elementor-col-100 elementor-top-column elementor-element elementor-element-cee94a7 cut-off-wrapper-95\" data-id=\"cee94a7\" data-element_type=\"column\" data-e-type=\"column\" data-settings=\"{&quot;background_background&quot;:&quot;classic&quot;}\">\n\t\t\t<div class=\"elementor-widget-wrap elementor-element-populated\">\n\t\t\t\t\t\t<div class=\"elementor-element elementor-element-b3b45fe elementor-widget elementor-widget-menu-anchor\" data-id=\"b3b45fe\" data-element_type=\"widget\" data-e-type=\"widget\" data-widget_type=\"menu-anchor.default\">\n\t\t\t\t<div class=\"elementor-widget-container\">\n\t\t\t\t\t\t\t<div class=\"elementor-menu-anchor\" id=\"3\"><\/div>\n\t\t\t\t\t\t<\/div>\n\t\t\t\t<\/div>\n\t\t\t\t<div class=\"elementor-element elementor-element-2e79867 elementor-widget__width-auto elementor-widget elementor-widget-heading\" data-id=\"2e79867\" data-element_type=\"widget\" data-e-type=\"widget\" data-widget_type=\"heading.default\">\n\t\t\t\t<div class=\"elementor-widget-container\">\n\t\t\t\t\t<p class=\"elementor-heading-title elementor-size-small\">Smart Infrastructure Technologies (Smart Grid) Research Group \u2013 GTI<\/p>\t\t\t\t<\/div>\n\t\t\t\t<\/div>\n\t\t\t\t<section class=\"elementor-section elementor-inner-section elementor-element elementor-element-6cd3736 elementor-section-boxed elementor-section-height-default elementor-section-height-default\" data-id=\"6cd3736\" data-element_type=\"section\" data-e-type=\"section\">\n\t\t\t\t\t\t<div class=\"elementor-container elementor-column-gap-default\">\n\t\t\t\t\t<div class=\"elementor-column elementor-col-100 elementor-inner-column elementor-element elementor-element-e797ef8\" data-id=\"e797ef8\" data-element_type=\"column\" data-e-type=\"column\">\n\t\t\t<div class=\"elementor-widget-wrap elementor-element-populated\">\n\t\t\t\t\t\t<div class=\"elementor-element elementor-element-ad1c364 elementor-widget elementor-widget-text-editor\" data-id=\"ad1c364\" data-element_type=\"widget\" data-e-type=\"widget\" data-widget_type=\"text-editor.default\">\n\t\t\t\t<div class=\"elementor-widget-container\">\n\t\t\t\t\t\t\t\t\t<p><strong>Area of expertise: <\/strong><\/p><p>a. comprehensive scientific research and development, construction, experimental work of a cognitive and applied nature in the field of power electronic systems particularly in the field of:<br \/>\u2013 smart-grid infrastructure,<br \/>\u2013 electricity management systems,<br \/>\u2013 microprocessor-based control and adjustment systems,<br \/>\u2013 semiconductor power converters based on switching circuits built with silicon carbide (SiC) and gallium nitride (GaN) technology,<br \/>\u2013 microprocessor-based high-frequency control and regulation system,\u00a0<br \/>\u2013 construction of high-frequency power electronic systems,<\/p><p>b. development of custom converter devices and development of prototype devices and technology solutions in the field of power electronics for:<br \/>\u2013 renewable energy sources (RES),<br \/>\u2013 smart-grid systems,<br \/>\u2013 microgrid systems,<br \/>\u2013 public services,\u00a0<br \/>\u2013 SiC technology,<br \/>\u2013 GaN technology.<\/p><p><strong>We specialise in:<\/strong><\/p><ul><li style=\"margin: 0cm\">design of power electronic devices for power conversion,<\/li><li>design of control systems and algorithms for the above mentioned equipment.<\/li><li>design of power electronic devices in SiC and GaN technology (isolated, non-isolated) for operation in AC grids (3-phase and 1-phase) and energy storage;<\/li><li>PCB circuit design;<\/li><li>programming of microprocessor-based DSP controllers;<\/li><li>3D modelling of power electronic devices;<\/li><li>construction of industrial communication interfaces;<\/li><li>design of passive elements.<\/li><\/ul>\t\t\t\t\t\t\t\t<\/div>\n\t\t\t\t<\/div>\n\t\t\t\t\t<\/div>\n\t\t<\/div>\n\t\t\t\t\t<\/div>\n\t\t<\/section>\n\t\t\t\t<section class=\"elementor-section elementor-inner-section elementor-element elementor-element-7c66f09 elementor-section-boxed elementor-section-height-default elementor-section-height-default\" data-id=\"7c66f09\" data-element_type=\"section\" data-e-type=\"section\">\n\t\t\t\t\t\t<div class=\"elementor-container elementor-column-gap-default\">\n\t\t\t\t\t<div class=\"elementor-column elementor-col-100 elementor-inner-column elementor-element elementor-element-8e26138\" data-id=\"8e26138\" data-element_type=\"column\" data-e-type=\"column\">\n\t\t\t<div class=\"elementor-widget-wrap elementor-element-populated\">\n\t\t\t\t\t\t<div class=\"elementor-element elementor-element-cb54f39 elementor-widget elementor-widget-text-editor\" data-id=\"cb54f39\" data-element_type=\"widget\" data-e-type=\"widget\" data-widget_type=\"text-editor.default\">\n\t\t\t\t<div class=\"elementor-widget-container\">\n\t\t\t\t\t\t\t\t\t<p>The group&#8217;s activities constitute RD support for business customers with a view to upgrading the products they offer. Thanks to the use of modern semiconductor technologies in power supply systems, it is becoming possible to increase the efficiency and reduce the size of electrical appliances.<\/p><p>The products developed within the Group&#8217;s activities are related to the broadly defined conversion and use of electricity:<\/p><ul><li>energy-efficient intelligent lighting systems;<\/li><li>converter systems for EVs (electromobility);<\/li><li>power quality improvement systems used in distribution systems (Smart Grid).<\/li><\/ul><p>Areas of the economy in which the Research Group works<strong>: <\/strong>Power Generation, RES<\/p>\t\t\t\t\t\t\t\t<\/div>\n\t\t\t\t<\/div>\n\t\t\t\t\t<\/div>\n\t\t<\/div>\n\t\t\t\t\t<\/div>\n\t\t<\/section>\n\t\t\t\t\t<\/div>\n\t\t<\/div>\n\t\t\t\t\t<\/div>\n\t\t<\/section>\n\t\t\t\t<\/div>\n\t\t","protected":false},"excerpt":{"rendered":"<p>Testing Centre Power Supply and Energy Conversion Systems Research Team \u2013 GPE Smart Infrastructure Technologies (Smart Grid) Research Group \u2013 GTI Testing Centre Testing Centre for Energy Conversion and Storage (CPM): Research Center Director Wojciech Matelski, PhD. Sc. Eng. CONTACT: Power Supply and Energy Conversion Systems Research Team \u2013 GPE The GPE Research Team has [&hellip;]<\/p>\n","protected":false},"author":21,"featured_media":0,"parent":0,"menu_order":0,"comment_status":"closed","ping_status":"closed","template":"","meta":{"_acf_changed":false,"_seopress_robots_primary_cat":"","_seopress_titles_title":"","_seopress_titles_desc":"","_seopress_robots_index":"","inline_featured_image":false,"footnotes":""},"class_list":["post-8786","page","type-page","status-publish","hentry"],"acf":[],"publishpress_future_action":{"enabled":false,"date":"2026-04-07 20:44:34","action":"change-status","newStatus":"draft","terms":[],"taxonomy":"translation_priority","extraData":[]},"publishpress_future_workflow_manual_trigger":{"enabledWorkflows":[]},"_links":{"self":[{"href":"https:\/\/iel.lukasiewicz.gov.pl\/en\/wp-json\/wp\/v2\/pages\/8786","targetHints":{"allow":["GET"]}}],"collection":[{"href":"https:\/\/iel.lukasiewicz.gov.pl\/en\/wp-json\/wp\/v2\/pages"}],"about":[{"href":"https:\/\/iel.lukasiewicz.gov.pl\/en\/wp-json\/wp\/v2\/types\/page"}],"author":[{"embeddable":true,"href":"https:\/\/iel.lukasiewicz.gov.pl\/en\/wp-json\/wp\/v2\/users\/21"}],"replies":[{"embeddable":true,"href":"https:\/\/iel.lukasiewicz.gov.pl\/en\/wp-json\/wp\/v2\/comments?post=8786"}],"version-history":[{"count":5,"href":"https:\/\/iel.lukasiewicz.gov.pl\/en\/wp-json\/wp\/v2\/pages\/8786\/revisions"}],"predecessor-version":[{"id":13539,"href":"https:\/\/iel.lukasiewicz.gov.pl\/en\/wp-json\/wp\/v2\/pages\/8786\/revisions\/13539"}],"wp:attachment":[{"href":"https:\/\/iel.lukasiewicz.gov.pl\/en\/wp-json\/wp\/v2\/media?parent=8786"}],"curies":[{"name":"wp","href":"https:\/\/api.w.org\/{rel}","templated":true}]}}