{"id":8889,"date":"2023-09-01T03:19:51","date_gmt":"2023-09-01T01:19:51","guid":{"rendered":"https:\/\/iel.lukasiewicz.gov.pl\/biblioteka-techniczn-en\/"},"modified":"2025-01-10T14:36:08","modified_gmt":"2025-01-10T13:36:08","slug":"biblioteka-techniczn-en","status":"publish","type":"page","link":"https:\/\/iel.lukasiewicz.gov.pl\/en\/biblioteka-techniczn-en\/","title":{"rendered":"Biblioteka techniczn en"},"content":{"rendered":"\t\t<div data-elementor-type=\"wp-page\" data-elementor-id=\"8889\" class=\"elementor elementor-8889 elementor-2070\" data-elementor-post-type=\"page\">\n\t\t\t\t\t\t<section class=\"elementor-section elementor-top-section elementor-element elementor-element-af9189c elementor-section-boxed elementor-section-height-default elementor-section-height-default\" data-id=\"af9189c\" data-element_type=\"section\" data-e-type=\"section\">\n\t\t\t\t\t\t<div class=\"elementor-container elementor-column-gap-default\">\n\t\t\t\t\t<div class=\"elementor-column elementor-col-100 elementor-top-column elementor-element elementor-element-901420a cut-off-wrapper-95\" data-id=\"901420a\" data-element_type=\"column\" data-e-type=\"column\" data-settings=\"{&quot;background_background&quot;:&quot;classic&quot;}\">\n\t\t\t<div class=\"elementor-widget-wrap elementor-element-populated\">\n\t\t\t\t\t\t<div class=\"elementor-element elementor-element-04598bf elementor-widget elementor-widget-heading\" data-id=\"04598bf\" data-element_type=\"widget\" data-e-type=\"widget\" data-widget_type=\"heading.default\">\n\t\t\t\t<div class=\"elementor-widget-container\">\n\t\t\t\t\t<h2 class=\"elementor-heading-title elementor-size-default\">Technical Library <\/h2>\t\t\t\t<\/div>\n\t\t\t\t<\/div>\n\t\t\t\t<section class=\"elementor-section elementor-inner-section elementor-element elementor-element-417e102 elementor-section-boxed elementor-section-height-default elementor-section-height-default\" data-id=\"417e102\" data-element_type=\"section\" data-e-type=\"section\">\n\t\t\t\t\t\t<div class=\"elementor-container elementor-column-gap-default\">\n\t\t\t\t\t<div class=\"elementor-column elementor-col-100 elementor-inner-column elementor-element elementor-element-d3b7f60\" data-id=\"d3b7f60\" data-element_type=\"column\" data-e-type=\"column\">\n\t\t\t<div class=\"elementor-widget-wrap elementor-element-populated\">\n\t\t\t\t\t\t<div class=\"elementor-element elementor-element-392e815 elementor-widget__width-initial elementor-widget elementor-widget-text-editor\" data-id=\"392e815\" data-element_type=\"widget\" data-e-type=\"widget\" data-widget_type=\"text-editor.default\">\n\t\t\t\t<div class=\"elementor-widget-container\">\n\t\t\t\t\t\t\t\t\t<h3><strong>The library&#8217;s stock includes:<\/strong><\/h3><ul><li>Book collection<\/li><li>journals<\/li><li>doctoral theses of the Institute staff<\/li><li>selected standards<\/li><\/ul><p><span style=\"text-decoration: underline\"><strong>CONTACT:<\/strong><\/span><\/p><p><strong>Library, <\/strong><strong><br \/>\u0141ukasiewicz Research Network \u2013 Institute of Electrical Engineering<\/strong><br \/>ul. Mieczys\u0142awa Po\u017caryskiego 28<br \/>04-703 Warszawa<\/p><p style=\"margin: 0cm\"><strong>Reception<\/strong><\/p><p>Agnieszka Grzegrz\u00f3\u0142ka<\/p><p>phone: 22 11 25 220 <br \/>e-mail: <a href=\"mailto:agnieszka.grzegrzolka@iel.lukasiewicz.gov.pl\">agnieszka.grzegrzolka@iel.lukasiewicz.gov.pl<\/a><\/p><p><strong>Opening hours:<\/strong><strong><br \/><\/strong>Monday \u2013 Friday, hours: w godz.: 9.00 &#8211; 15.00<\/p>\t\t\t\t\t\t\t\t<\/div>\n\t\t\t\t<\/div>\n\t\t\t\t\t<\/div>\n\t\t<\/div>\n\t\t\t\t\t<\/div>\n\t\t<\/section>\n\t\t\t\t\t<\/div>\n\t\t<\/div>\n\t\t\t\t\t<\/div>\n\t\t<\/section>\n\t\t\t\t<\/div>\n\t\t","protected":false},"excerpt":{"rendered":"<p>\/*! elementor &#8211; v3.21.0 &#8211; 26-05-2024 *\/ .elementor-heading-title{padding:0;margin:0;line-height:1}.elementor-widget-heading .elementor-heading-title[class*=elementor-size-]&gt;a{color:inherit;font-size:inherit;line-height:inherit}.elementor-widget-heading .elementor-heading-title.elementor-size-small{font-size:15px}.elementor-widget-heading .elementor-heading-title.elementor-size-medium{font-size:19px}.elementor-widget-heading .elementor-heading-title.elementor-size-large{font-size:29px}.elementor-widget-heading .elementor-heading-title.elementor-size-xl{font-size:39px}.elementor-widget-heading .elementor-heading-title.elementor-size-xxl{font-size:59px} Technical Library The library&#8217;s stock includes: Book collection journals doctoral theses of the Institute staff selected standards CONTACT: Library, \u0141ukasiewicz Research Network \u2013 Institute of Electrical Engineeringul. Mieczys\u0142awa Po\u017caryskiego 2804-703 Warszawa Reception Agnieszka Grzegrz\u00f3\u0142ka phone: 22 11 25 220 e-mail: agnieszka.grzegrzolka@iel.lukasiewicz.gov.pl [&hellip;]<\/p>\n","protected":false},"author":21,"featured_media":0,"parent":0,"menu_order":0,"comment_status":"closed","ping_status":"closed","template":"","meta":{"_acf_changed":false,"_seopress_robots_primary_cat":"","_seopress_titles_title":"","_seopress_titles_desc":"","_seopress_robots_index":"","inline_featured_image":false,"footnotes":""},"class_list":["post-8889","page","type-page","status-publish","hentry"],"acf":[],"publishpress_future_action":{"enabled":false,"date":"2026-04-18 07:21:17","action":"change-status","newStatus":"draft","terms":[],"taxonomy":"translation_priority","extraData":[]},"publishpress_future_workflow_manual_trigger":{"enabledWorkflows":[]},"_links":{"self":[{"href":"https:\/\/iel.lukasiewicz.gov.pl\/en\/wp-json\/wp\/v2\/pages\/8889","targetHints":{"allow":["GET"]}}],"collection":[{"href":"https:\/\/iel.lukasiewicz.gov.pl\/en\/wp-json\/wp\/v2\/pages"}],"about":[{"href":"https:\/\/iel.lukasiewicz.gov.pl\/en\/wp-json\/wp\/v2\/types\/page"}],"author":[{"embeddable":true,"href":"https:\/\/iel.lukasiewicz.gov.pl\/en\/wp-json\/wp\/v2\/users\/21"}],"replies":[{"embeddable":true,"href":"https:\/\/iel.lukasiewicz.gov.pl\/en\/wp-json\/wp\/v2\/comments?post=8889"}],"version-history":[{"count":5,"href":"https:\/\/iel.lukasiewicz.gov.pl\/en\/wp-json\/wp\/v2\/pages\/8889\/revisions"}],"predecessor-version":[{"id":10451,"href":"https:\/\/iel.lukasiewicz.gov.pl\/en\/wp-json\/wp\/v2\/pages\/8889\/revisions\/10451"}],"wp:attachment":[{"href":"https:\/\/iel.lukasiewicz.gov.pl\/en\/wp-json\/wp\/v2\/media?parent=8889"}],"curies":[{"name":"wp","href":"https:\/\/api.w.org\/{rel}","templated":true}]}}