{"id":9055,"date":"2024-07-31T08:40:18","date_gmt":"2024-07-31T06:40:18","guid":{"rendered":"https:\/\/iel.lukasiewicz.gov.pl\/trans_auton\/"},"modified":"2024-09-10T11:04:26","modified_gmt":"2024-09-10T09:04:26","slug":"trans_auton","status":"publish","type":"page","link":"https:\/\/iel.lukasiewicz.gov.pl\/en\/trans_auton\/","title":{"rendered":"Trans_auton"},"content":{"rendered":"\t\t<div data-elementor-type=\"wp-page\" data-elementor-id=\"9055\" class=\"elementor elementor-9055 elementor-8042\" data-elementor-post-type=\"page\">\n\t\t\t\t\t\t<section class=\"elementor-section elementor-top-section elementor-element elementor-element-5bebfd50 elementor-section-boxed elementor-section-height-default elementor-section-height-default\" data-id=\"5bebfd50\" data-element_type=\"section\" data-e-type=\"section\">\n\t\t\t\t\t\t<div class=\"elementor-container elementor-column-gap-default\">\n\t\t\t\t\t<div class=\"elementor-column elementor-col-100 elementor-top-column elementor-element elementor-element-2ed6a475\" data-id=\"2ed6a475\" data-element_type=\"column\" data-e-type=\"column\">\n\t\t\t<div class=\"elementor-widget-wrap elementor-element-populated\">\n\t\t\t\t\t\t<div class=\"elementor-element elementor-element-24e977c4 elementor-widget elementor-widget-heading\" data-id=\"24e977c4\" data-element_type=\"widget\" data-e-type=\"widget\" data-widget_type=\"heading.default\">\n\t\t\t\t<div class=\"elementor-widget-container\">\n\t\t\t\t\t<p class=\"elementor-heading-title elementor-size-small\">National projects<\/p>\t\t\t\t<\/div>\n\t\t\t\t<\/div>\n\t\t\t\t\t<\/div>\n\t\t<\/div>\n\t\t\t\t\t<\/div>\n\t\t<\/section>\n\t\t\t\t<section class=\"elementor-section elementor-top-section elementor-element elementor-element-6938974 elementor-section-boxed elementor-section-height-default elementor-section-height-default\" data-id=\"6938974\" data-element_type=\"section\" data-e-type=\"section\">\n\t\t\t\t\t\t<div class=\"elementor-container elementor-column-gap-default\">\n\t\t\t\t\t<div class=\"elementor-column elementor-col-100 elementor-top-column elementor-element elementor-element-342d91a\" data-id=\"342d91a\" data-element_type=\"column\" data-e-type=\"column\">\n\t\t\t<div class=\"elementor-widget-wrap elementor-element-populated\">\n\t\t\t\t\t\t<div class=\"elementor-element elementor-element-7012ad9 elementor-widget elementor-widget-spacer\" data-id=\"7012ad9\" data-element_type=\"widget\" data-e-type=\"widget\" data-widget_type=\"spacer.default\">\n\t\t\t\t<div class=\"elementor-widget-container\">\n\t\t\t\t\t\t\t<div class=\"elementor-spacer\">\n\t\t\t<div class=\"elementor-spacer-inner\"><\/div>\n\t\t<\/div>\n\t\t\t\t\t\t<\/div>\n\t\t\t\t<\/div>\n\t\t\t\t\t<\/div>\n\t\t<\/div>\n\t\t\t\t\t<\/div>\n\t\t<\/section>\n\t\t\t\t<section class=\"elementor-section elementor-top-section elementor-element elementor-element-e8e0bfa elementor-section-boxed elementor-section-height-default elementor-section-height-default\" data-id=\"e8e0bfa\" data-element_type=\"section\" data-e-type=\"section\">\n\t\t\t\t\t\t<div class=\"elementor-container elementor-column-gap-default\">\n\t\t\t\t\t<div class=\"elementor-column elementor-col-100 elementor-top-column elementor-element elementor-element-be81550 cut-off-wrapper-95\" data-id=\"be81550\" data-element_type=\"column\" data-e-type=\"column\">\n\t\t\t<div class=\"elementor-widget-wrap elementor-element-populated\">\n\t\t\t\t\t\t<div class=\"elementor-element elementor-element-1cbc59c elementor-widget elementor-widget-image\" data-id=\"1cbc59c\" data-element_type=\"widget\" data-e-type=\"widget\" data-widget_type=\"image.default\">\n\t\t\t\t<div class=\"elementor-widget-container\">\n\t\t\t\t\t\t\t\t\t\t\t\t\t\t\t<img fetchpriority=\"high\" decoding=\"async\" width=\"580\" height=\"193\" src=\"https:\/\/iel.lukasiewicz.gov.pl\/wp-content\/uploads\/sites\/24\/2023\/09\/www_2021_dotacje-projekty-1024x341.png\" class=\"attachment-large size-large wp-image-2158\" alt=\"\" srcset=\"https:\/\/iel.lukasiewicz.gov.pl\/wp-content\/uploads\/sites\/24\/2023\/09\/www_2021_dotacje-projekty-1024x341.png 1024w, https:\/\/iel.lukasiewicz.gov.pl\/wp-content\/uploads\/sites\/24\/2023\/09\/www_2021_dotacje-projekty-300x100.png 300w, https:\/\/iel.lukasiewicz.gov.pl\/wp-content\/uploads\/sites\/24\/2023\/09\/www_2021_dotacje-projekty-768x256.png 768w, https:\/\/iel.lukasiewicz.gov.pl\/wp-content\/uploads\/sites\/24\/2023\/09\/www_2021_dotacje-projekty-1536x511.png 1536w, https:\/\/iel.lukasiewicz.gov.pl\/wp-content\/uploads\/sites\/24\/2023\/09\/www_2021_dotacje-projekty-1200x400.png 1200w, https:\/\/iel.lukasiewicz.gov.pl\/wp-content\/uploads\/sites\/24\/2023\/09\/www_2021_dotacje-projekty.png 1751w\" sizes=\"(max-width: 580px) 100vw, 580px\" \/>\t\t\t\t\t\t\t\t\t\t\t\t\t\t\t<\/div>\n\t\t\t\t<\/div>\n\t\t\t\t\t<\/div>\n\t\t<\/div>\n\t\t\t\t\t<\/div>\n\t\t<\/section>\n\t\t\t\t<section class=\"elementor-section elementor-top-section elementor-element elementor-element-8bad511 elementor-section-boxed elementor-section-height-default elementor-section-height-default\" data-id=\"8bad511\" data-element_type=\"section\" data-e-type=\"section\">\n\t\t\t\t\t\t<div class=\"elementor-container elementor-column-gap-default\">\n\t\t\t\t\t<div class=\"elementor-column elementor-col-100 elementor-top-column elementor-element elementor-element-ba49089 cut-off-wrapper-95\" data-id=\"ba49089\" data-element_type=\"column\" data-e-type=\"column\">\n\t\t\t<div class=\"elementor-widget-wrap elementor-element-populated\">\n\t\t\t\t\t\t<div class=\"elementor-element elementor-element-436b7b3 elementor-widget elementor-widget-text-editor\" data-id=\"436b7b3\" data-element_type=\"widget\" data-e-type=\"widget\" data-widget_type=\"text-editor.default\">\n\t\t\t\t<div class=\"elementor-widget-container\">\n\t\t\t\t\t\t\t\t\t<p>The <strong>\u201cAutonomous Transport\u201d<\/strong> project is supported by a designated grant from the President of the \u0141ukasiewicz Centre, under a contract concluded on 18.06.2024.<\/p>\n<p>Total project value: <strong>3 989 975,00 z\u0142<\/strong><\/p>\n<p>Co-funding: <strong>3 590 977,50 z\u0142<\/strong><\/p>\n<p>As part of a research project related to the area of autonomous transport, five Proof-of-Concept tasks\/projects are planned to be launched to develop a group of technologies of interest to the private and public sectors. The key objective of the research project is to obtain the possibility of commercialising the solutions in question and to obtain a wide recipients for the technology, which would justify the need to build a Strategic \u0141ukasiewicz Programme on autonomous transport.  <\/p>\n<p>During the implementation of the grant, the following PoC projects are planned to be launched:<\/p>\n<p>\u00b7 PoC 1 (\u0141-PIMOT) \u2013 a autonomous system in intralogistics, taking into account activities around the shop floor or warehouse in a dynamic outdoor environment. The subject of the project is the development of an autonomy system with software for AMR vehicles that drive on yards located outside production halls. The autonomy algorithms will be tested in a built simulation environment. The software test simulation environment built will be based on the real-life equivalent of a vehicle from a potential customer or the Institutes&#8217;s unmanned vehicle. The autonomy system planned for development will consist of a main control unit, stereo cameras, satellite navigation, inertial navigation and the developed software. Furthermore, the project plans to develop software that will be an integral part of what is known as WMS (Warehouse management system) which will make it possible to control the operation of AMR vehicles equipped with the autonomy system.      <\/p>\n<p>\u00b7 PoC 2 (\u0141-ILOT) \u2013 increasing operational capacity for autonomous transport. As part of the project under development, \u0141-ILOT will develop an anti-icing system for autonomy-equipped UAVs. The solution aims to enhance the ability of UAVs to operate autonomously in harsh weather conditions.  <\/p>\n<p>\u00b7 PoC 3 (\u0141-IEL) \u2013 increasing operational capabilities for autonomous intralogistics platforms. As part of the project, \u0141-IEL will develop an inductive charging system for intralogistics autonomous platforms used in industry. The inductive charging technology developed will be dedicated to industrial robots that move in or out of production halls. The development of the technology will streamline autonomous driving algorithms and speed up the process of so-called vehicle docking for charging.    <\/p>\n<p>\u00b7 PoC 4 (\u0141-PIAP) \u2013 introduction of NFN (Natural FeaturesNavigation) type autonomy for the \u0141-PIAP AGV platform. The PoC project aims to develop an AGV\/AMR platform with a payload of 500 kg for industry. The platform will be equipped with a navigation system that will enable it to navigate the production halls autonomously.  <\/p>\n<p>\u00b7 PoC5 (\u0141-PIT) \u2013 autonomous rail vehicle control system (SMART-TRAM). \u0141-PIT will work to develop an autonomous control system for trams, including the addition of mechanisms for obstacle detection. As part of the research project, there are also plans to integrate and exchange experiences between the \u0141ukasiewicz Institutes working on various aspects of autonomous transport. Such exchange is aimed at learning about the design processes, tools and available datasets that are used by the various consortium participants. In addition to developing technologies related to business partners, according to the project plans, the consortium will also aim to develop contributions to the Strategic \u0141ukasiewicz Programme.    <\/p>\n\t\t\t\t\t\t\t\t<\/div>\n\t\t\t\t<\/div>\n\t\t\t\t\t<\/div>\n\t\t<\/div>\n\t\t\t\t\t<\/div>\n\t\t<\/section>\n\t\t\t\t<\/div>\n\t\t","protected":false},"excerpt":{"rendered":"<p>National projects The \u201cAutonomous Transport\u201d project is supported by a designated grant from the President of the \u0141ukasiewicz Centre, under a contract concluded on 18.06.2024. Total project value: 3 989 975,00 z\u0142 Co-funding: 3 590 977,50 z\u0142 As part of a research project related to the area of autonomous transport, five Proof-of-Concept tasks\/projects are planned [&hellip;]<\/p>\n","protected":false},"author":135,"featured_media":0,"parent":0,"menu_order":0,"comment_status":"closed","ping_status":"closed","template":"","meta":{"_acf_changed":false,"_seopress_robots_primary_cat":"","_seopress_titles_title":"","_seopress_titles_desc":"","_seopress_robots_index":"","inline_featured_image":false,"footnotes":""},"class_list":["post-9055","page","type-page","status-publish","hentry"],"acf":[],"publishpress_future_action":{"enabled":false,"date":"2026-04-22 20:38:07","action":"change-status","newStatus":"draft","terms":[],"taxonomy":"translation_priority","extraData":[]},"publishpress_future_workflow_manual_trigger":{"enabledWorkflows":[]},"_links":{"self":[{"href":"https:\/\/iel.lukasiewicz.gov.pl\/en\/wp-json\/wp\/v2\/pages\/9055","targetHints":{"allow":["GET"]}}],"collection":[{"href":"https:\/\/iel.lukasiewicz.gov.pl\/en\/wp-json\/wp\/v2\/pages"}],"about":[{"href":"https:\/\/iel.lukasiewicz.gov.pl\/en\/wp-json\/wp\/v2\/types\/page"}],"author":[{"embeddable":true,"href":"https:\/\/iel.lukasiewicz.gov.pl\/en\/wp-json\/wp\/v2\/users\/135"}],"replies":[{"embeddable":true,"href":"https:\/\/iel.lukasiewicz.gov.pl\/en\/wp-json\/wp\/v2\/comments?post=9055"}],"version-history":[{"count":1,"href":"https:\/\/iel.lukasiewicz.gov.pl\/en\/wp-json\/wp\/v2\/pages\/9055\/revisions"}],"predecessor-version":[{"id":9056,"href":"https:\/\/iel.lukasiewicz.gov.pl\/en\/wp-json\/wp\/v2\/pages\/9055\/revisions\/9056"}],"wp:attachment":[{"href":"https:\/\/iel.lukasiewicz.gov.pl\/en\/wp-json\/wp\/v2\/media?parent=9055"}],"curies":[{"name":"wp","href":"https:\/\/api.w.org\/{rel}","templated":true}]}}