{"id":9396,"date":"2023-05-28T13:50:55","date_gmt":"2023-05-28T11:50:55","guid":{"rendered":"https:\/\/iel.lukasiewicz.gov.pl\/what-about-us\/"},"modified":"2024-10-28T13:41:26","modified_gmt":"2024-10-28T12:41:26","slug":"what-about-us","status":"publish","type":"page","link":"https:\/\/iel.lukasiewicz.gov.pl\/en\/what-about-us\/","title":{"rendered":"what about us?"},"content":{"rendered":"\t\t<div data-elementor-type=\"wp-page\" data-elementor-id=\"9396\" class=\"elementor elementor-9396 elementor-343\" data-elementor-post-type=\"page\">\n\t\t\t\t\t\t<section class=\"elementor-section elementor-top-section elementor-element elementor-element-067efb0 elementor-section-boxed elementor-section-height-default elementor-section-height-default\" data-id=\"067efb0\" data-element_type=\"section\" data-e-type=\"section\">\n\t\t\t\t\t\t<div class=\"elementor-container elementor-column-gap-default\">\n\t\t\t\t\t<div class=\"elementor-column elementor-col-100 elementor-top-column elementor-element elementor-element-b15e863\" data-id=\"b15e863\" data-element_type=\"column\" data-e-type=\"column\">\n\t\t\t<div class=\"elementor-widget-wrap elementor-element-populated\">\n\t\t\t\t\t\t<div class=\"elementor-element elementor-element-dabf076 elementor-widget elementor-widget-heading\" data-id=\"dabf076\" data-element_type=\"widget\" data-e-type=\"widget\" data-widget_type=\"heading.default\">\n\t\t\t\t<div class=\"elementor-widget-container\">\n\t\t\t\t\t<h2 class=\"elementor-heading-title elementor-size-default\">what about us?<\/h2>\t\t\t\t<\/div>\n\t\t\t\t<\/div>\n\t\t\t\t<div class=\"elementor-element elementor-element-95315b9 elementor-widget elementor-widget-news_list_with_filters\" data-id=\"95315b9\" data-element_type=\"widget\" data-e-type=\"widget\" data-widget_type=\"news_list_with_filters.default\">\n\t\t\t\t<div class=\"elementor-widget-container\">\n\t\t\t\t\t<div class=\"row\"><div class=\"col-12 text-md-center mb-4 mb-lg-5\"><ul class=\"list-unstyled list-inline d-flex justify-content-center flex-wrap\"><li class=\"list-inline-item mb-2\"><a class=\"nlwfw-posts__filter \" href=\"https:\/\/iel.lukasiewicz.gov.pl\/en\/what-about-us\/?c=63\"><span>Events<\/span><\/a><\/li><li class=\"list-inline-item mb-2\"><a class=\"nlwfw-posts__filter \" href=\"https:\/\/iel.lukasiewicz.gov.pl\/en\/what-about-us\/?c=66\"><span>SUCCESSES<\/span><\/a><\/li><li class=\"list-inline-item mb-2\"><a class=\"nlwfw-posts__filter \" href=\"https:\/\/iel.lukasiewicz.gov.pl\/en\/what-about-us\/?c=61\"><span>Technologies<\/span><\/a><\/li><li class=\"list-inline-item mb-2\"><a class=\"nlwfw-posts__filter \" href=\"https:\/\/iel.lukasiewicz.gov.pl\/en\/what-about-us\/?c=59\"><span>News<\/span><\/a><\/li><\/ul><\/div><div class=\"col-12 col-lg-8\"><ul class=\"nlwfw-posts__list\"><li class=\"nlwfw-posts__item\"><div class=\"row\"><div><span class=\"nspw-category-name-mobile\">Achievements<\/span><\/div><\/div><div class=\"nlwfw-posts__item-thumbnail\"><figure class=\"ratio ratio-4x3 overflow-hidden\"><img fetchpriority=\"high\" decoding=\"async\" width=\"1200\" height=\"1500\" src=\"https:\/\/iel.lukasiewicz.gov.pl\/wp-content\/uploads\/sites\/24\/2026\/03\/lider_a.jpg\" class=\"attachment-post-thumbnail size-post-thumbnail wp-post-image\" alt=\"\" srcset=\"https:\/\/iel.lukasiewicz.gov.pl\/wp-content\/uploads\/sites\/24\/2026\/03\/lider_a.jpg 1200w, https:\/\/iel.lukasiewicz.gov.pl\/wp-content\/uploads\/sites\/24\/2026\/03\/lider_a-240x300.jpg 240w, https:\/\/iel.lukasiewicz.gov.pl\/wp-content\/uploads\/sites\/24\/2026\/03\/lider_a-819x1024.jpg 819w, https:\/\/iel.lukasiewicz.gov.pl\/wp-content\/uploads\/sites\/24\/2026\/03\/lider_a-768x960.jpg 768w, https:\/\/iel.lukasiewicz.gov.pl\/wp-content\/uploads\/sites\/24\/2026\/03\/lider_a-19x24.jpg 19w, https:\/\/iel.lukasiewicz.gov.pl\/wp-content\/uploads\/sites\/24\/2026\/03\/lider_a-29x36.jpg 29w, https:\/\/iel.lukasiewicz.gov.pl\/wp-content\/uploads\/sites\/24\/2026\/03\/lider_a-38x48.jpg 38w\" sizes=\"(max-width: 1200px) 100vw, 1200px\" \/><\/figure><\/div><div class=\"nlwfw-posts__item-content\"><div class=\"mb-3 d-flex flex-wrap align-items-center\"><a class=\"nlwfw-posts__item-category me-3\" href=\"https:\/\/iel.lukasiewicz.gov.pl\/en\/what-about-us\/?c=62\"><span>Achievements<\/span><\/a><span class=\"nlwfw-posts__item-date\">30 Mar 2026<\/span><\/div><a href=\"https:\/\/iel.lukasiewicz.gov.pl\/en\/energy-transformation-leader-2026-an-award-for-lukasiewicz-institute-of-electrical-engineering\/\"><h3 class=\"nlwfw-posts__item-title\">Energy Transformation Leader 2026 - an award for Lukasiewicz - Institute of Electrical Engineering<\/h3><div class=\"nlwfw-posts__item-description\"><\/div><\/div><\/a><\/li><li class=\"nlwfw-posts__item\"><div class=\"row\"><div><span class=\"nspw-category-name-mobile\">Events<\/span><\/div><\/div><div class=\"nlwfw-posts__item-thumbnail\"><figure class=\"ratio ratio-4x3 overflow-hidden\"><img decoding=\"async\" width=\"1200\" height=\"1500\" src=\"https:\/\/iel.lukasiewicz.gov.pl\/wp-content\/uploads\/sites\/24\/2026\/03\/1-1-1200x1500.jpg\" class=\"attachment-post-thumbnail size-post-thumbnail wp-post-image\" alt=\"\" srcset=\"https:\/\/iel.lukasiewicz.gov.pl\/wp-content\/uploads\/sites\/24\/2026\/03\/1-1-1200x1500.jpg 1200w, https:\/\/iel.lukasiewicz.gov.pl\/wp-content\/uploads\/sites\/24\/2026\/03\/1-1-240x300.jpg 240w, https:\/\/iel.lukasiewicz.gov.pl\/wp-content\/uploads\/sites\/24\/2026\/03\/1-1-819x1024.jpg 819w, https:\/\/iel.lukasiewicz.gov.pl\/wp-content\/uploads\/sites\/24\/2026\/03\/1-1-768x960.jpg 768w, https:\/\/iel.lukasiewicz.gov.pl\/wp-content\/uploads\/sites\/24\/2026\/03\/1-1-1229x1536.jpg 1229w, https:\/\/iel.lukasiewicz.gov.pl\/wp-content\/uploads\/sites\/24\/2026\/03\/1-1-19x24.jpg 19w, https:\/\/iel.lukasiewicz.gov.pl\/wp-content\/uploads\/sites\/24\/2026\/03\/1-1-29x36.jpg 29w, https:\/\/iel.lukasiewicz.gov.pl\/wp-content\/uploads\/sites\/24\/2026\/03\/1-1-38x48.jpg 38w, https:\/\/iel.lukasiewicz.gov.pl\/wp-content\/uploads\/sites\/24\/2026\/03\/1-1.jpg 1247w\" sizes=\"(max-width: 1200px) 100vw, 1200px\" \/><\/figure><\/div><div class=\"nlwfw-posts__item-content\"><div class=\"mb-3 d-flex flex-wrap align-items-center\"><a class=\"nlwfw-posts__item-category me-3\" href=\"https:\/\/iel.lukasiewicz.gov.pl\/en\/what-about-us\/?c=63\"><span>Events<\/span><\/a><span class=\"nlwfw-posts__item-date\">27 Mar 2026<\/span><span class=\"nlwfw-posts__item-read-time\">3 min<\/span><\/div><a href=\"https:\/\/iel.lukasiewicz.gov.pl\/en\/institutes-commitment-to-hydrogen-technology-development-during-h2poland-2026\/\"><h3 class=\"nlwfw-posts__item-title\">Institute's commitment to hydrogen technology development during H2POLAND 2026<\/h3><div class=\"nlwfw-posts__item-description\"><\/div><\/div><\/a><\/li><li class=\"nlwfw-posts__item\"><div class=\"row\"><div><span class=\"nspw-category-name-mobile\">Events<\/span><\/div><\/div><div class=\"nlwfw-posts__item-thumbnail\"><figure class=\"ratio ratio-4x3 overflow-hidden\"><img decoding=\"async\" width=\"1200\" height=\"900\" src=\"https:\/\/iel.lukasiewicz.gov.pl\/wp-content\/uploads\/sites\/24\/2026\/03\/1-1200x900.jpg\" class=\"attachment-post-thumbnail size-post-thumbnail wp-post-image\" alt=\"\" srcset=\"https:\/\/iel.lukasiewicz.gov.pl\/wp-content\/uploads\/sites\/24\/2026\/03\/1-1200x900.jpg 1200w, https:\/\/iel.lukasiewicz.gov.pl\/wp-content\/uploads\/sites\/24\/2026\/03\/1-300x225.jpg 300w, https:\/\/iel.lukasiewicz.gov.pl\/wp-content\/uploads\/sites\/24\/2026\/03\/1-1024x768.jpg 1024w, https:\/\/iel.lukasiewicz.gov.pl\/wp-content\/uploads\/sites\/24\/2026\/03\/1-768x576.jpg 768w, https:\/\/iel.lukasiewicz.gov.pl\/wp-content\/uploads\/sites\/24\/2026\/03\/1-1536x1152.jpg 1536w, https:\/\/iel.lukasiewicz.gov.pl\/wp-content\/uploads\/sites\/24\/2026\/03\/1-1980x1485.jpg 1980w, https:\/\/iel.lukasiewicz.gov.pl\/wp-content\/uploads\/sites\/24\/2026\/03\/1-24x18.jpg 24w, https:\/\/iel.lukasiewicz.gov.pl\/wp-content\/uploads\/sites\/24\/2026\/03\/1-36x27.jpg 36w, https:\/\/iel.lukasiewicz.gov.pl\/wp-content\/uploads\/sites\/24\/2026\/03\/1-48x36.jpg 48w, https:\/\/iel.lukasiewicz.gov.pl\/wp-content\/uploads\/sites\/24\/2026\/03\/1.jpg 2048w\" sizes=\"(max-width: 1200px) 100vw, 1200px\" \/><\/figure><\/div><div class=\"nlwfw-posts__item-content\"><div class=\"mb-3 d-flex flex-wrap align-items-center\"><a class=\"nlwfw-posts__item-category me-3\" href=\"https:\/\/iel.lukasiewicz.gov.pl\/en\/what-about-us\/?c=63\"><span>Events<\/span><\/a><span class=\"nlwfw-posts__item-date\">23 Mar 2026<\/span><span class=\"nlwfw-posts__item-read-time\">3 min<\/span><\/div><a href=\"https:\/\/iel.lukasiewicz.gov.pl\/en\/lukasiewicz-iel-participant-in-baltic-nuclear-energy-forum-2026\/\"><h3 class=\"nlwfw-posts__item-title\">\u0141ukasiewicz - IEL participant in Baltic Nuclear Energy Forum 2026<\/h3><div class=\"nlwfw-posts__item-description\"><\/div><\/div><\/a><\/li><li class=\"nlwfw-posts__item\"><div class=\"row\"><div><span class=\"nspw-category-name-mobile\">Events<\/span><\/div><\/div><div class=\"nlwfw-posts__item-thumbnail\"><figure class=\"ratio ratio-4x3 overflow-hidden\"><img loading=\"lazy\" decoding=\"async\" width=\"1200\" height=\"900\" src=\"https:\/\/iel.lukasiewicz.gov.pl\/wp-content\/uploads\/sites\/24\/2026\/03\/b-1200x900.jpg\" class=\"attachment-post-thumbnail size-post-thumbnail wp-post-image\" alt=\"\" srcset=\"https:\/\/iel.lukasiewicz.gov.pl\/wp-content\/uploads\/sites\/24\/2026\/03\/b-1200x900.jpg 1200w, https:\/\/iel.lukasiewicz.gov.pl\/wp-content\/uploads\/sites\/24\/2026\/03\/b-300x225.jpg 300w, https:\/\/iel.lukasiewicz.gov.pl\/wp-content\/uploads\/sites\/24\/2026\/03\/b-1024x768.jpg 1024w, https:\/\/iel.lukasiewicz.gov.pl\/wp-content\/uploads\/sites\/24\/2026\/03\/b-768x576.jpg 768w, https:\/\/iel.lukasiewicz.gov.pl\/wp-content\/uploads\/sites\/24\/2026\/03\/b-1536x1152.jpg 1536w, https:\/\/iel.lukasiewicz.gov.pl\/wp-content\/uploads\/sites\/24\/2026\/03\/b-1980x1485.jpg 1980w, https:\/\/iel.lukasiewicz.gov.pl\/wp-content\/uploads\/sites\/24\/2026\/03\/b-24x18.jpg 24w, https:\/\/iel.lukasiewicz.gov.pl\/wp-content\/uploads\/sites\/24\/2026\/03\/b-36x27.jpg 36w, https:\/\/iel.lukasiewicz.gov.pl\/wp-content\/uploads\/sites\/24\/2026\/03\/b-48x36.jpg 48w, https:\/\/iel.lukasiewicz.gov.pl\/wp-content\/uploads\/sites\/24\/2026\/03\/b.jpg 2048w\" sizes=\"(max-width: 1200px) 100vw, 1200px\" \/><\/figure><\/div><div class=\"nlwfw-posts__item-content\"><div class=\"mb-3 d-flex flex-wrap align-items-center\"><a class=\"nlwfw-posts__item-category me-3\" href=\"https:\/\/iel.lukasiewicz.gov.pl\/en\/what-about-us\/?c=63\"><span>Events<\/span><\/a><span class=\"nlwfw-posts__item-date\">12 Mar 2026<\/span><span class=\"nlwfw-posts__item-read-time\">3 min<\/span><\/div><a href=\"https:\/\/iel.lukasiewicz.gov.pl\/en\/participation-of-lukasiewicz-institute-of-electrical-engineering-in-jrc-foreign-mission-in-the-netherlands\/\"><h3 class=\"nlwfw-posts__item-title\">Participation of Lukasiewicz - Institute of Electrical Engineering in JRC foreign mission in the Netherlands<\/h3><div class=\"nlwfw-posts__item-description\"><\/div><\/div><\/a><\/li><li class=\"nlwfw-posts__item\"><div class=\"row\"><div><span class=\"nspw-category-name-mobile\">News<\/span><\/div><\/div><div class=\"nlwfw-posts__item-thumbnail\"><figure class=\"ratio ratio-4x3 overflow-hidden\"><img loading=\"lazy\" decoding=\"async\" width=\"1200\" height=\"675\" src=\"https:\/\/iel.lukasiewicz.gov.pl\/wp-content\/uploads\/sites\/24\/2026\/03\/26_02_26a-1200x675.jpg\" class=\"attachment-post-thumbnail size-post-thumbnail wp-post-image\" alt=\"\" srcset=\"https:\/\/iel.lukasiewicz.gov.pl\/wp-content\/uploads\/sites\/24\/2026\/03\/26_02_26a-1200x675.jpg 1200w, https:\/\/iel.lukasiewicz.gov.pl\/wp-content\/uploads\/sites\/24\/2026\/03\/26_02_26a-300x169.jpg 300w, https:\/\/iel.lukasiewicz.gov.pl\/wp-content\/uploads\/sites\/24\/2026\/03\/26_02_26a-1024x576.jpg 1024w, https:\/\/iel.lukasiewicz.gov.pl\/wp-content\/uploads\/sites\/24\/2026\/03\/26_02_26a-768x432.jpg 768w, https:\/\/iel.lukasiewicz.gov.pl\/wp-content\/uploads\/sites\/24\/2026\/03\/26_02_26a-1536x864.jpg 1536w, https:\/\/iel.lukasiewicz.gov.pl\/wp-content\/uploads\/sites\/24\/2026\/03\/26_02_26a-24x14.jpg 24w, https:\/\/iel.lukasiewicz.gov.pl\/wp-content\/uploads\/sites\/24\/2026\/03\/26_02_26a-36x20.jpg 36w, https:\/\/iel.lukasiewicz.gov.pl\/wp-content\/uploads\/sites\/24\/2026\/03\/26_02_26a-48x27.jpg 48w, https:\/\/iel.lukasiewicz.gov.pl\/wp-content\/uploads\/sites\/24\/2026\/03\/26_02_26a.jpg 1920w\" sizes=\"(max-width: 1200px) 100vw, 1200px\" \/><\/figure><\/div><div class=\"nlwfw-posts__item-content\"><div class=\"mb-3 d-flex flex-wrap align-items-center\"><a class=\"nlwfw-posts__item-category me-3\" href=\"https:\/\/iel.lukasiewicz.gov.pl\/en\/what-about-us\/?c=59\"><span>News<\/span><\/a><span class=\"nlwfw-posts__item-date\">03 Mar 2026<\/span><span class=\"nlwfw-posts__item-read-time\">3 min<\/span><\/div><a href=\"https:\/\/iel.lukasiewicz.gov.pl\/en\/polish-dutch-defense-mission-in-warsaw-cooperation-within-the-framework-of-the-european-defence-fund\/\"><h3 class=\"nlwfw-posts__item-title\">Polish-Dutch defense mission in Warsaw - cooperation within the framework of the European Defence Fund<\/h3><div class=\"nlwfw-posts__item-description\"><\/div><\/div><\/a><\/li><li class=\"nlwfw-posts__item\"><div class=\"row\"><div><span class=\"nspw-category-name-mobile\">Achievements<\/span><\/div><\/div><div class=\"nlwfw-posts__item-thumbnail\"><figure class=\"ratio ratio-4x3 overflow-hidden\"><img loading=\"lazy\" decoding=\"async\" width=\"1200\" height=\"800\" src=\"https:\/\/iel.lukasiewicz.gov.pl\/wp-content\/uploads\/sites\/24\/2026\/03\/audyt-1200x800.jpg\" class=\"attachment-post-thumbnail size-post-thumbnail wp-post-image\" alt=\"\" srcset=\"https:\/\/iel.lukasiewicz.gov.pl\/wp-content\/uploads\/sites\/24\/2026\/03\/audyt-1200x800.jpg 1200w, https:\/\/iel.lukasiewicz.gov.pl\/wp-content\/uploads\/sites\/24\/2026\/03\/audyt-300x200.jpg 300w, https:\/\/iel.lukasiewicz.gov.pl\/wp-content\/uploads\/sites\/24\/2026\/03\/audyt-1024x683.jpg 1024w, https:\/\/iel.lukasiewicz.gov.pl\/wp-content\/uploads\/sites\/24\/2026\/03\/audyt-768x512.jpg 768w, https:\/\/iel.lukasiewicz.gov.pl\/wp-content\/uploads\/sites\/24\/2026\/03\/audyt-24x16.jpg 24w, https:\/\/iel.lukasiewicz.gov.pl\/wp-content\/uploads\/sites\/24\/2026\/03\/audyt-36x24.jpg 36w, https:\/\/iel.lukasiewicz.gov.pl\/wp-content\/uploads\/sites\/24\/2026\/03\/audyt-48x32.jpg 48w, https:\/\/iel.lukasiewicz.gov.pl\/wp-content\/uploads\/sites\/24\/2026\/03\/audyt.jpg 1536w\" sizes=\"(max-width: 1200px) 100vw, 1200px\" \/><\/figure><\/div><div class=\"nlwfw-posts__item-content\"><div class=\"mb-3 d-flex flex-wrap align-items-center\"><a class=\"nlwfw-posts__item-category me-3\" href=\"https:\/\/iel.lukasiewicz.gov.pl\/en\/what-about-us\/?c=62\"><span>Achievements<\/span><\/a><span class=\"nlwfw-posts__item-date\">02 Mar 2026<\/span><\/div><a href=\"https:\/\/iel.lukasiewicz.gov.pl\/en\/pca-audit-of-ap-102-calibration-laboratory-successfully-completed\/\"><h3 class=\"nlwfw-posts__item-title\">PCA audit of AP 102 Calibration Laboratory successfully completed<\/h3><div class=\"nlwfw-posts__item-description\"><\/div><\/div><\/a><\/li><li class=\"nlwfw-posts__item\"><div class=\"row\"><div><span class=\"nspw-category-name-mobile\">Events<\/span><\/div><\/div><div class=\"nlwfw-posts__item-thumbnail\"><figure class=\"ratio ratio-4x3 overflow-hidden\"><img loading=\"lazy\" decoding=\"async\" width=\"1115\" height=\"679\" src=\"https:\/\/iel.lukasiewicz.gov.pl\/wp-content\/uploads\/sites\/24\/2026\/02\/170226_a.jpg\" class=\"attachment-post-thumbnail size-post-thumbnail wp-post-image\" alt=\"\" srcset=\"https:\/\/iel.lukasiewicz.gov.pl\/wp-content\/uploads\/sites\/24\/2026\/02\/170226_a.jpg 1115w, https:\/\/iel.lukasiewicz.gov.pl\/wp-content\/uploads\/sites\/24\/2026\/02\/170226_a-300x183.jpg 300w, https:\/\/iel.lukasiewicz.gov.pl\/wp-content\/uploads\/sites\/24\/2026\/02\/170226_a-1024x624.jpg 1024w, https:\/\/iel.lukasiewicz.gov.pl\/wp-content\/uploads\/sites\/24\/2026\/02\/170226_a-768x468.jpg 768w, https:\/\/iel.lukasiewicz.gov.pl\/wp-content\/uploads\/sites\/24\/2026\/02\/170226_a-24x15.jpg 24w, https:\/\/iel.lukasiewicz.gov.pl\/wp-content\/uploads\/sites\/24\/2026\/02\/170226_a-36x22.jpg 36w, https:\/\/iel.lukasiewicz.gov.pl\/wp-content\/uploads\/sites\/24\/2026\/02\/170226_a-48x29.jpg 48w\" sizes=\"(max-width: 1115px) 100vw, 1115px\" \/><\/figure><\/div><div class=\"nlwfw-posts__item-content\"><div class=\"mb-3 d-flex flex-wrap align-items-center\"><a class=\"nlwfw-posts__item-category me-3\" href=\"https:\/\/iel.lukasiewicz.gov.pl\/en\/what-about-us\/?c=63\"><span>Events<\/span><\/a><span class=\"nlwfw-posts__item-date\">18 Feb 2026<\/span><span class=\"nlwfw-posts__item-read-time\">3 min<\/span><\/div><a href=\"https:\/\/iel.lukasiewicz.gov.pl\/en\/from-research-to-business-meeting-of-lukasiewicz-network-leaders\/\"><h3 class=\"nlwfw-posts__item-title\">From research to business \u2013 meeting of \u0141ukasiewicz Network leaders<\/h3><div class=\"nlwfw-posts__item-description\"><\/div><\/div><\/a><\/li><li class=\"nlwfw-posts__item\"><div class=\"row\"><div><span class=\"nspw-category-name-mobile\">Achievements<\/span><\/div><\/div><div class=\"nlwfw-posts__item-thumbnail\"><figure class=\"ratio ratio-4x3 overflow-hidden\"><img loading=\"lazy\" decoding=\"async\" width=\"1200\" height=\"801\" src=\"https:\/\/iel.lukasiewicz.gov.pl\/wp-content\/uploads\/sites\/24\/2026\/02\/dsc_2496-1200x801.jpg\" class=\"attachment-post-thumbnail size-post-thumbnail wp-post-image\" alt=\"\" srcset=\"https:\/\/iel.lukasiewicz.gov.pl\/wp-content\/uploads\/sites\/24\/2026\/02\/dsc_2496-1200x801.jpg 1200w, https:\/\/iel.lukasiewicz.gov.pl\/wp-content\/uploads\/sites\/24\/2026\/02\/dsc_2496-300x200.jpg 300w, https:\/\/iel.lukasiewicz.gov.pl\/wp-content\/uploads\/sites\/24\/2026\/02\/dsc_2496-1024x683.jpg 1024w, https:\/\/iel.lukasiewicz.gov.pl\/wp-content\/uploads\/sites\/24\/2026\/02\/dsc_2496-768x512.jpg 768w, https:\/\/iel.lukasiewicz.gov.pl\/wp-content\/uploads\/sites\/24\/2026\/02\/dsc_2496-1536x1025.jpg 1536w, https:\/\/iel.lukasiewicz.gov.pl\/wp-content\/uploads\/sites\/24\/2026\/02\/dsc_2496-2048x1367.jpg 2048w, https:\/\/iel.lukasiewicz.gov.pl\/wp-content\/uploads\/sites\/24\/2026\/02\/dsc_2496-1980x1321.jpg 1980w, https:\/\/iel.lukasiewicz.gov.pl\/wp-content\/uploads\/sites\/24\/2026\/02\/dsc_2496-24x16.jpg 24w, https:\/\/iel.lukasiewicz.gov.pl\/wp-content\/uploads\/sites\/24\/2026\/02\/dsc_2496-36x24.jpg 36w, https:\/\/iel.lukasiewicz.gov.pl\/wp-content\/uploads\/sites\/24\/2026\/02\/dsc_2496-48x32.jpg 48w\" sizes=\"(max-width: 1200px) 100vw, 1200px\" \/><\/figure><\/div><div class=\"nlwfw-posts__item-content\"><div class=\"mb-3 d-flex flex-wrap align-items-center\"><a class=\"nlwfw-posts__item-category me-3\" href=\"https:\/\/iel.lukasiewicz.gov.pl\/en\/what-about-us\/?c=62\"><span>Achievements<\/span><\/a><span class=\"nlwfw-posts__item-date\">10 Feb 2026<\/span><\/div><a href=\"https:\/\/iel.lukasiewicz.gov.pl\/en\/modern-power-systems-for-the-polish-navy\/\"><h3 class=\"nlwfw-posts__item-title\">Modern power systems for the Polish Navy<\/h3><div class=\"nlwfw-posts__item-description\"><\/div><\/div><\/a><\/li><li class=\"nlwfw-posts__item\"><div class=\"row\"><div><span class=\"nspw-category-name-mobile\">Achievements<\/span><\/div><\/div><div class=\"nlwfw-posts__item-thumbnail\"><figure class=\"ratio ratio-4x3 overflow-hidden\"><img loading=\"lazy\" decoding=\"async\" width=\"1200\" height=\"800\" src=\"https:\/\/iel.lukasiewicz.gov.pl\/wp-content\/uploads\/sites\/24\/2026\/02\/img_0460-1200x800.jpg\" class=\"attachment-post-thumbnail size-post-thumbnail wp-post-image\" alt=\"\" srcset=\"https:\/\/iel.lukasiewicz.gov.pl\/wp-content\/uploads\/sites\/24\/2026\/02\/img_0460-1200x800.jpg 1200w, https:\/\/iel.lukasiewicz.gov.pl\/wp-content\/uploads\/sites\/24\/2026\/02\/img_0460-300x200.jpg 300w, https:\/\/iel.lukasiewicz.gov.pl\/wp-content\/uploads\/sites\/24\/2026\/02\/img_0460-1024x683.jpg 1024w, https:\/\/iel.lukasiewicz.gov.pl\/wp-content\/uploads\/sites\/24\/2026\/02\/img_0460-768x512.jpg 768w, https:\/\/iel.lukasiewicz.gov.pl\/wp-content\/uploads\/sites\/24\/2026\/02\/img_0460-1536x1024.jpg 1536w, https:\/\/iel.lukasiewicz.gov.pl\/wp-content\/uploads\/sites\/24\/2026\/02\/img_0460-2048x1365.jpg 2048w, https:\/\/iel.lukasiewicz.gov.pl\/wp-content\/uploads\/sites\/24\/2026\/02\/img_0460-1980x1320.jpg 1980w, https:\/\/iel.lukasiewicz.gov.pl\/wp-content\/uploads\/sites\/24\/2026\/02\/img_0460-24x16.jpg 24w, https:\/\/iel.lukasiewicz.gov.pl\/wp-content\/uploads\/sites\/24\/2026\/02\/img_0460-36x24.jpg 36w, https:\/\/iel.lukasiewicz.gov.pl\/wp-content\/uploads\/sites\/24\/2026\/02\/img_0460-48x32.jpg 48w\" sizes=\"(max-width: 1200px) 100vw, 1200px\" \/><\/figure><\/div><div class=\"nlwfw-posts__item-content\"><div class=\"mb-3 d-flex flex-wrap align-items-center\"><a class=\"nlwfw-posts__item-category me-3\" href=\"https:\/\/iel.lukasiewicz.gov.pl\/en\/what-about-us\/?c=62\"><span>Achievements<\/span><\/a><span class=\"nlwfw-posts__item-date\">09 Feb 2026<\/span><\/div><a href=\"https:\/\/iel.lukasiewicz.gov.pl\/en\/a-small-atom-for-poland-a-new-chapter-for-lukasiewicz-institute-of-electrical-engineering\/\"><h3 class=\"nlwfw-posts__item-title\">A small atom for Poland, a new chapter for \u0141ukasiewicz \u2013 Institute of Electrical Engineering<\/h3><div class=\"nlwfw-posts__item-description\"><\/div><\/div><\/a><\/li><li class=\"nlwfw-posts__item\"><div class=\"row\"><div><span class=\"nspw-category-name-mobile\">News<\/span><\/div><\/div><div class=\"nlwfw-posts__item-thumbnail\"><figure class=\"ratio ratio-4x3 overflow-hidden\"><img loading=\"lazy\" decoding=\"async\" width=\"1200\" height=\"728\" src=\"https:\/\/iel.lukasiewicz.gov.pl\/wp-content\/uploads\/sites\/24\/2025\/12\/kartka-2025-mail-ok6-1200x728.png\" class=\"attachment-post-thumbnail size-post-thumbnail wp-post-image\" alt=\"\" srcset=\"https:\/\/iel.lukasiewicz.gov.pl\/wp-content\/uploads\/sites\/24\/2025\/12\/kartka-2025-mail-ok6-1200x728.png 1200w, https:\/\/iel.lukasiewicz.gov.pl\/wp-content\/uploads\/sites\/24\/2025\/12\/kartka-2025-mail-ok6-300x182.png 300w, https:\/\/iel.lukasiewicz.gov.pl\/wp-content\/uploads\/sites\/24\/2025\/12\/kartka-2025-mail-ok6-1024x621.png 1024w, https:\/\/iel.lukasiewicz.gov.pl\/wp-content\/uploads\/sites\/24\/2025\/12\/kartka-2025-mail-ok6-768x466.png 768w, https:\/\/iel.lukasiewicz.gov.pl\/wp-content\/uploads\/sites\/24\/2025\/12\/kartka-2025-mail-ok6-24x15.png 24w, https:\/\/iel.lukasiewicz.gov.pl\/wp-content\/uploads\/sites\/24\/2025\/12\/kartka-2025-mail-ok6-36x22.png 36w, https:\/\/iel.lukasiewicz.gov.pl\/wp-content\/uploads\/sites\/24\/2025\/12\/kartka-2025-mail-ok6-48x29.png 48w, https:\/\/iel.lukasiewicz.gov.pl\/wp-content\/uploads\/sites\/24\/2025\/12\/kartka-2025-mail-ok6.png 1250w\" sizes=\"(max-width: 1200px) 100vw, 1200px\" \/><\/figure><\/div><div class=\"nlwfw-posts__item-content\"><div class=\"mb-3 d-flex flex-wrap align-items-center\"><a class=\"nlwfw-posts__item-category me-3\" href=\"https:\/\/iel.lukasiewicz.gov.pl\/en\/what-about-us\/?c=59\"><span>News<\/span><\/a><span class=\"nlwfw-posts__item-date\">22 Dec 2025<\/span><span class=\"nlwfw-posts__item-read-time\">3 min<\/span><\/div><a href=\"https:\/\/iel.lukasiewicz.gov.pl\/en\/merry-christmas-and-happy-new-year-2\/\"><h3 class=\"nlwfw-posts__item-title\">Merry Christmas and Happy New Year<\/h3><div class=\"nlwfw-posts__item-description\"><\/div><\/div><\/a><\/li><\/ul><ul class=\"nlwfw-pagination\"><li class='nlwfw-pagination__item'><span aria-current=\"page\" class=\"page-numbers current\">1<\/span><\/li><li class='nlwfw-pagination__item'><a class=\"page-numbers\" href=\"https:\/\/iel.lukasiewicz.gov.pl\/en\/wp-json\/wp\/v2\/pages\/9396\/page\/2\/\">2<\/a><\/li><li class='nlwfw-pagination__item'><a class=\"page-numbers\" href=\"https:\/\/iel.lukasiewicz.gov.pl\/en\/wp-json\/wp\/v2\/pages\/9396\/page\/3\/\">3<\/a><\/li><li class='nlwfw-pagination__item'><span class=\"page-numbers dots\">&hellip;<\/span><\/li><li class='nlwfw-pagination__item'><a class=\"page-numbers\" href=\"https:\/\/iel.lukasiewicz.gov.pl\/en\/wp-json\/wp\/v2\/pages\/9396\/page\/8\/\">8<\/a><\/li><li class='nlwfw-pagination__item'><a class=\"next page-numbers\" href=\"https:\/\/iel.lukasiewicz.gov.pl\/en\/wp-json\/wp\/v2\/pages\/9396\/page\/2\/\"><span title=\"Next page\"><\/span><\/a><\/li><\/ul><\/div><div class=\"d-none d-lg-block col-lg-3 offset-lg-1\"><\/div>\t\t\t\t<\/div>\n\t\t\t\t<\/div>\n\t\t\t\t\t<\/div>\n\t\t<\/div>\n\t\t\t\t\t<\/div>\n\t\t<\/section>\n\t\t\t\t<\/div>\n\t\t","protected":false},"excerpt":{"rendered":"<p>what about us? Wydarzenia Sukcesy Technologie Aktualno\u015bci Aktualno\u015bci Aktualno\u015bci22 pa\u017a 20243 min Nie zwalniamy tempa! \u0141ukasiewicz-IEL z wizyt\u0105 na \u015awi\u0119tokrzyskim Kampusie Laboratoryjnym GUM-u Aktualno\u015bci Aktualno\u015bci18 pa\u017a 20243 min Nowy etap w rozwoju technologii wodorowych: \u0141ukasiewicz-IEL i G\u0142\u00f3wny Urz\u0105d Miar podpisali list intencyjny Aktualno\u015bci Aktualno\u015bci03 lip 20243 min Krajowy Plan Odbudowy Aktualno\u015bci Aktualno\u015bci24 cze 20243 min [&hellip;]<\/p>\n","protected":false},"author":21,"featured_media":0,"parent":0,"menu_order":0,"comment_status":"closed","ping_status":"closed","template":"","meta":{"_acf_changed":false,"_seopress_robots_primary_cat":"","_seopress_titles_title":"","_seopress_titles_desc":"","_seopress_robots_index":"","inline_featured_image":false,"footnotes":""},"class_list":["post-9396","page","type-page","status-publish","hentry"],"acf":[],"publishpress_future_action":{"enabled":false,"date":"2026-04-18 14:08:03","action":"change-status","newStatus":"draft","terms":[],"taxonomy":"translation_priority","extraData":[]},"publishpress_future_workflow_manual_trigger":{"enabledWorkflows":[]},"_links":{"self":[{"href":"https:\/\/iel.lukasiewicz.gov.pl\/en\/wp-json\/wp\/v2\/pages\/9396","targetHints":{"allow":["GET"]}}],"collection":[{"href":"https:\/\/iel.lukasiewicz.gov.pl\/en\/wp-json\/wp\/v2\/pages"}],"about":[{"href":"https:\/\/iel.lukasiewicz.gov.pl\/en\/wp-json\/wp\/v2\/types\/page"}],"author":[{"embeddable":true,"href":"https:\/\/iel.lukasiewicz.gov.pl\/en\/wp-json\/wp\/v2\/users\/21"}],"replies":[{"embeddable":true,"href":"https:\/\/iel.lukasiewicz.gov.pl\/en\/wp-json\/wp\/v2\/comments?post=9396"}],"version-history":[{"count":3,"href":"https:\/\/iel.lukasiewicz.gov.pl\/en\/wp-json\/wp\/v2\/pages\/9396\/revisions"}],"predecessor-version":[{"id":9733,"href":"https:\/\/iel.lukasiewicz.gov.pl\/en\/wp-json\/wp\/v2\/pages\/9396\/revisions\/9733"}],"wp:attachment":[{"href":"https:\/\/iel.lukasiewicz.gov.pl\/en\/wp-json\/wp\/v2\/media?parent=9396"}],"curies":[{"name":"wp","href":"https:\/\/api.w.org\/{rel}","templated":true}]}}